{"id":16875,"date":"2024-11-15T08:47:40","date_gmt":"2024-11-15T07:47:40","guid":{"rendered":"https:\/\/perspektiva-beratung.ch\/informacion\/"},"modified":"2025-10-25T06:20:22","modified_gmt":"2025-10-25T05:20:22","slug":"informacion","status":"publish","type":"page","link":"https:\/\/perspektiva-beratung.ch\/es\/informacion\/","title":{"rendered":"Informaci\u00f3n"},"content":{"rendered":"\t\t<div data-elementor-type=\"wp-page\" data-elementor-id=\"16875\" class=\"elementor elementor-16875 elementor-15840\">\n\t\t\t\t\t\t<section class=\"elementor-section elementor-top-section elementor-element elementor-element-d5e09ad elementor-section-content-middle elementor-section-stretched elementor-section-boxed elementor-section-height-default elementor-section-height-default\" data-id=\"d5e09ad\" data-element_type=\"section\" data-settings=\"{&quot;stretch_section&quot;:&quot;section-stretched&quot;,&quot;background_background&quot;:&quot;classic&quot;}\">\n\t\t\t\t\t\t<div class=\"elementor-container elementor-column-gap-default\">\n\t\t\t\t\t<div class=\"elementor-column elementor-col-50 elementor-top-column elementor-element elementor-element-ef4274a\" data-id=\"ef4274a\" data-element_type=\"column\">\n\t\t\t<div class=\"elementor-widget-wrap elementor-element-populated\">\n\t\t\t\t\t\t<div class=\"elementor-element elementor-element-c48bc5f elementor-widget__width-initial elementor-widget elementor-widget-rs-heading\" data-id=\"c48bc5f\" data-element_type=\"widget\" data-widget_type=\"rs-heading.default\">\n\t\t\t\t<div class=\"elementor-widget-container\">\n\t\t\t\t\t\n        <div class=\"prelements-heading default animate- \nWarning: Undefined array key \"align\" in \/home\/httpd\/vhosts\/perspektiva-beratung.ch\/httpdocs\/wp-content\/plugins\/rselements\/widgets\/heading\/heading.php on line 678\n\">\n\n\n\n        \t<div class=\"title-inner\">        \t\t      \t\t\n\t            <h2 class=\"title\"><span class=\"watermark\"><\/span>\u00bfQu\u00e9 es el asesoramiento psicosocial?<\/h2>\t\t\t\t\n\t\t\t\t\t        <\/div>\n\t                    \t<div class=\"description\">\n            \t\t            \t\t<p>El asesoramiento psicosocial est\u00e1 dirigido a personas mentalmente sanas de todas las edades. Te apoya en situaciones de vida dif\u00edciles y te ayuda cuando el estr\u00e9s, la ansiedad, los problemas o los conflictos cargan la vida cotidiana. Tiene en cuenta los aspectos ps\u00edquicos y sociales de tu vida. En el asesoramiento se trata de encontrar conjuntamente soluciones que mejoren el bienestar y faciliten el d\u00eda a d\u00eda.<\/p><p>Los\/as asesores\/as psicosociales est\u00e1n espec\u00edficamente formados para acompa\u00f1ar a las personas de manera emp\u00e1tica y profesional, para que puedan continuar su camino fortalecidos\/as.<\/p><p>Como miembro de la Sociedad Suiza de Asesoramiento Psicosocial (<a href=\"https:\/\/sgfb.ch\/\">SGfB<\/a>), estoy obligada a cumplir los est\u00e1ndares profesionales de calidad y diligencia, el deber legal de secreto seg\u00fan el C\u00f3digo Civil Suizo, as\u00ed como el c\u00f3digo de \u00e9tica. El deber de secreto contin\u00faa incluso despu\u00e9s del asesoramiento. Tambi\u00e9n se aplica si nos encontramos en una situaci\u00f3n completamente diferente.<\/p><p>Adem\u00e1s, asisto regularmente a supervisiones para reflexionar sobre m\u00ed misma y garantizar la calidad de mis asesoramientos para ti.<\/p>  \n            \t<\/div>\n        \t        <\/div>\n        \t\t\t\t<\/div>\n\t\t\t\t<\/div>\n\t\t\t\t\t<\/div>\n\t\t<\/div>\n\t\t\t\t<div class=\"elementor-column elementor-col-50 elementor-top-column elementor-element elementor-element-3de34d3\" data-id=\"3de34d3\" data-element_type=\"column\">\n\t\t\t<div class=\"elementor-widget-wrap elementor-element-populated\">\n\t\t\t\t\t\t<div class=\"elementor-element elementor-element-9089699 elementor-widget elementor-widget-image\" data-id=\"9089699\" data-element_type=\"widget\" data-widget_type=\"image.default\">\n\t\t\t\t<div class=\"elementor-widget-container\">\n\t\t\t\t\t\t\t\t\t\t\t\t\t\t\t<img decoding=\"async\" src=\"https:\/\/perspektiva-beratung.ch\/wp-content\/uploads\/elementor\/thumbs\/Beratungszimmer-Seite-2-1-r24eaht7p6ssityooktkp4aqpif2ro7lq8hd2d0zuw.jpg\" title=\"Beratungszimmer-Seite-2.jpg\" alt=\"Beratungszimmer-Seite-2.jpg\" loading=\"lazy\" \/>\t\t\t\t\t\t\t\t\t\t\t\t\t\t\t<\/div>\n\t\t\t\t<\/div>\n\t\t\t\t<div class=\"elementor-element elementor-element-c67c70d elementor-widget elementor-widget-image\" data-id=\"c67c70d\" data-element_type=\"widget\" data-widget_type=\"image.default\">\n\t\t\t\t<div class=\"elementor-widget-container\">\n\t\t\t\t\t\t\t\t\t\t\t\t\t\t\t<img decoding=\"async\" src=\"https:\/\/perspektiva-beratung.ch\/wp-content\/uploads\/elementor\/thumbs\/Andrea-im-Beratungsgespraech-mit-Flipchart-1-r24eaiqtd1f0sk76z7x86szqqfygaanl27hhojbqww.jpg\" title=\"Andrea-im-Beratungsgespraech-mit-Flipchart.jpg\" alt=\"Andrea-im-Beratungsgespraech-mit-Flipchart.jpg\" loading=\"lazy\" \/>\t\t\t\t\t\t\t\t\t\t\t\t\t\t\t<\/div>\n\t\t\t\t<\/div>\n\t\t\t\t\t<\/div>\n\t\t<\/div>\n\t\t\t\t\t<\/div>\n\t\t<\/section>\n\t\t\t\t<section class=\"elementor-section elementor-top-section elementor-element elementor-element-304103e elementor-section-content-middle elementor-section-stretched elementor-section-boxed elementor-section-height-default elementor-section-height-default\" data-id=\"304103e\" data-element_type=\"section\" data-settings=\"{&quot;stretch_section&quot;:&quot;section-stretched&quot;,&quot;background_background&quot;:&quot;classic&quot;}\">\n\t\t\t\t\t\t<div class=\"elementor-container elementor-column-gap-default\">\n\t\t\t\t\t<div class=\"elementor-column elementor-col-100 elementor-top-column elementor-element elementor-element-47499ce\" data-id=\"47499ce\" data-element_type=\"column\">\n\t\t\t<div class=\"elementor-widget-wrap elementor-element-populated\">\n\t\t\t\t\t\t<div class=\"elementor-element elementor-element-b0b5edd elementor-widget elementor-widget-rs-heading\" data-id=\"b0b5edd\" data-element_type=\"widget\" data-widget_type=\"rs-heading.default\">\n\t\t\t\t<div class=\"elementor-widget-container\">\n\t\t\t\t\t\n        <div class=\"prelements-heading default animate- \nWarning: Undefined array key \"align\" in \/home\/httpd\/vhosts\/perspektiva-beratung.ch\/httpdocs\/wp-content\/plugins\/rselements\/widgets\/heading\/heading.php on line 678\n\">\n\n\n\n        \t<div class=\"title-inner\">        \t\t      \t\t\n\t            <h2 class=\"title\"><span class=\"watermark\"><\/span>\u00bfCu\u00e1l es la diferencia entre asesoramiento psicosocial y psicoterapia?<\/h2>\t\t\t\t\n\t\t\t\t\t        <\/div>\n\t                    \t<div class=\"description\">\n            \t\t            \t\t<p>El asesoramiento psicosocial es una opci\u00f3n para personas sin un diagn\u00f3stico de enfermedad mental que se encuentran en una situaci\u00f3n de vida desafiante y desean apoyo profesional.<\/p><p><strong>El asesoramiento psicosocial no puede, en ning\u00fan caso, sustituir una psicoterapia.<\/strong> No ofrezco psicoterapia ni estoy autorizada a prescribir medicamentos. Sin embargo, en ciertos casos, los asesoramientos pueden ser \u00fatiles como puente hasta que haya disponibilidad de un lugar terap\u00e9utico.<\/p><p>El asesoramiento te ayuda a alcanzar tus objetivos, promueve tu desarrollo personal y te apoya en el desarrollo de nuevas perspectivas y posibilidades de acci\u00f3n en las m\u00e1s diversas \u00e1reas de tu vida.<\/p>  \n            \t<\/div>\n        \t        <\/div>\n        \t\t\t\t<\/div>\n\t\t\t\t<\/div>\n\t\t\t\t\t<\/div>\n\t\t<\/div>\n\t\t\t\t\t<\/div>\n\t\t<\/section>\n\t\t\t\t<section class=\"elementor-section elementor-top-section elementor-element elementor-element-a6d9167 elementor-section-content-middle elementor-section-stretched elementor-reverse-tablet_extra elementor-reverse-tablet elementor-reverse-mobile_extra elementor-reverse-mobile elementor-section-boxed elementor-section-height-default elementor-section-height-default\" data-id=\"a6d9167\" data-element_type=\"section\" data-settings=\"{&quot;stretch_section&quot;:&quot;section-stretched&quot;,&quot;background_background&quot;:&quot;classic&quot;}\">\n\t\t\t\t\t\t<div class=\"elementor-container elementor-column-gap-default\">\n\t\t\t\t\t<div class=\"elementor-column elementor-col-50 elementor-top-column elementor-element elementor-element-6d61373\" data-id=\"6d61373\" data-element_type=\"column\">\n\t\t\t<div class=\"elementor-widget-wrap elementor-element-populated\">\n\t\t\t\t\t\t<div class=\"elementor-element elementor-element-b88ab9c elementor-widget elementor-widget-image\" data-id=\"b88ab9c\" data-element_type=\"widget\" data-widget_type=\"image.default\">\n\t\t\t\t<div class=\"elementor-widget-container\">\n\t\t\t\t\t\t\t\t\t\t\t\t\t\t\t<img decoding=\"async\" src=\"https:\/\/perspektiva-beratung.ch\/wp-content\/uploads\/elementor\/thumbs\/FB-Familienbrett-2-1-1-r24eb1jr8zzij86tzkauyfgphrqq7oxpmui1vbs97k.jpg\" title=\"FB-Familienbrett-2-1.jpg\" alt=\"FB-Familienbrett-2-1.jpg\" loading=\"lazy\" \/>\t\t\t\t\t\t\t\t\t\t\t\t\t\t\t<\/div>\n\t\t\t\t<\/div>\n\t\t\t\t\t<\/div>\n\t\t<\/div>\n\t\t\t\t<div class=\"elementor-column elementor-col-50 elementor-top-column elementor-element elementor-element-6182460\" data-id=\"6182460\" data-element_type=\"column\">\n\t\t\t<div class=\"elementor-widget-wrap elementor-element-populated\">\n\t\t\t\t\t\t<div class=\"elementor-element elementor-element-4253826 elementor-widget elementor-widget-rs-heading\" data-id=\"4253826\" data-element_type=\"widget\" data-widget_type=\"rs-heading.default\">\n\t\t\t\t<div class=\"elementor-widget-container\">\n\t\t\t\t\t\n        <div class=\"prelements-heading default animate- \nWarning: Undefined array key \"align\" in \/home\/httpd\/vhosts\/perspektiva-beratung.ch\/httpdocs\/wp-content\/plugins\/rselements\/widgets\/heading\/heading.php on line 678\n\">\n\n\n\n        \t<div class=\"title-inner\">        \t\t      \t\t\n\t            \t\t\t\t\n\t\t\t\t\t        <\/div>\n\t                    \t<div class=\"description\">\n            \t\t            \t\t<p><strong><em>\"No importa lo que uno trae, sino lo que hace con ello.\" (Alfred Adler)<\/em><\/strong><\/p>  \n            \t<\/div>\n        \t        <\/div>\n        \t\t\t\t<\/div>\n\t\t\t\t<\/div>\n\t\t\t\t<div class=\"elementor-element elementor-element-3cdc748 elementor-widget__width-initial elementor-widget elementor-widget-rs-heading\" data-id=\"3cdc748\" data-element_type=\"widget\" data-widget_type=\"rs-heading.default\">\n\t\t\t\t<div class=\"elementor-widget-container\">\n\t\t\t\t\t\n        <div class=\"prelements-heading default animate- \nWarning: Undefined array key \"align\" in \/home\/httpd\/vhosts\/perspektiva-beratung.ch\/httpdocs\/wp-content\/plugins\/rselements\/widgets\/heading\/heading.php on line 678\n\">\n\n\n\n        \t<div class=\"title-inner\">        \t\t      \t\t\n\t            <h2 class=\"title\"><span class=\"watermark\"><\/span>\u00bfQu\u00e9 es la Psicolog\u00eda Individual?<\/h2>\t\t\t\t\n\t\t\t\t\t        <\/div>\n\t                    \t<div class=\"description\">\n            \t\t            \t\t<p>Mi asesoramiento se basa en la Psicolog\u00eda Individual de Alfred Adler. Completariamente trabajo con m\u00e9todos de asesoramiento sist\u00e9mico.<\/p><p>La Psicolog\u00eda Individual es una psicolog\u00eda pr\u00e1ctica para la vida diaria, sencilla y f\u00e1cil de comprender. Es una de las tres corrientes principales de la psicolog\u00eda profunda y considera al ser humoano como un ser integral y parte de su entorno social. Parte del supuesto de que cada persona tiene una fuerte necesidad de pertenencia, comunidad y sentido, y que su comportamiento est\u00e1 influido por metas sociales y el deseo de comunidad. En el centro est\u00e1 el concepto del llamado estilo de vida: la forma \u00fanica en que cada persona aborda y afronta sus problemas y desaf\u00edos.\u00a0<\/p><p>Lo que me gusta especialmente de la Psicolog\u00eda Individual es que considera al ser humano como un ser que toma decisiones por s\u00ed mismo y puede dise\u00f1ar y cambiar su vida mediante su propia fuerza creadora.<\/p><p>Uno de los elementos m\u00e1s importantes en la Psicolog\u00eda Individual es el \u00e1nimo y el est\u00edmulo.<\/p>  \n            \t<\/div>\n        \t        <\/div>\n        \t\t\t\t<\/div>\n\t\t\t\t<\/div>\n\t\t\t\t<div class=\"elementor-element elementor-element-e81ccd6 elementor-widget elementor-widget-rs-heading\" data-id=\"e81ccd6\" data-element_type=\"widget\" data-widget_type=\"rs-heading.default\">\n\t\t\t\t<div class=\"elementor-widget-container\">\n\t\t\t\t\t\n        <div class=\"prelements-heading default animate- \nWarning: Undefined array key \"align\" in \/home\/httpd\/vhosts\/perspektiva-beratung.ch\/httpdocs\/wp-content\/plugins\/rselements\/widgets\/heading\/heading.php on line 678\n\">\n\n\n\n        \t<div class=\"title-inner\">        \t\t      \t\t\n\t            \t\t\t\t\n\t\t\t\t\t        <\/div>\n\t                    \t<div class=\"description\">\n            \t\t            \t\t<p><em><strong>\"Las personas necesitan est\u00edmulos como una planta necesita agua para crecer.\" (Rudolf Dreikurs)\u00a0<\/strong><\/em><\/p>  \n            \t<\/div>\n        \t        <\/div>\n        \t\t\t\t<\/div>\n\t\t\t\t<\/div>\n\t\t\t\t\t<\/div>\n\t\t<\/div>\n\t\t\t\t\t<\/div>\n\t\t<\/section>\n\t\t\t\t<section class=\"elementor-section elementor-top-section elementor-element elementor-element-fa408a6 elementor-section-content-middle elementor-section-stretched elementor-section-boxed elementor-section-height-default elementor-section-height-default\" data-id=\"fa408a6\" data-element_type=\"section\" data-settings=\"{&quot;stretch_section&quot;:&quot;section-stretched&quot;,&quot;background_background&quot;:&quot;classic&quot;}\">\n\t\t\t\t\t\t<div class=\"elementor-container elementor-column-gap-default\">\n\t\t\t\t\t<div class=\"elementor-column elementor-col-50 elementor-top-column elementor-element elementor-element-e9f8f88\" data-id=\"e9f8f88\" data-element_type=\"column\">\n\t\t\t<div class=\"elementor-widget-wrap elementor-element-populated\">\n\t\t\t\t\t\t<div class=\"elementor-element elementor-element-2028118 elementor-widget__width-initial elementor-widget elementor-widget-rs-heading\" data-id=\"2028118\" data-element_type=\"widget\" data-widget_type=\"rs-heading.default\">\n\t\t\t\t<div class=\"elementor-widget-container\">\n\t\t\t\t\t\n        <div class=\"prelements-heading default animate- \nWarning: Undefined array key \"align\" in \/home\/httpd\/vhosts\/perspektiva-beratung.ch\/httpdocs\/wp-content\/plugins\/rselements\/widgets\/heading\/heading.php on line 678\n\">\n\n\n\n        \t<div class=\"title-inner\">        \t\t      \t\t\n\t            <h2 class=\"title\"><span class=\"watermark\"><\/span>Numerolog\u00eda<\/h2>\t\t\t\t\n\t\t\t\t\t        <\/div>\n\t                    \t<div class=\"description\">\n            \t\t            \t\t<p>La numerolog\u00eda remonta sus or\u00edgenes al fil\u00f3sofo griego Pitag\u00f3ras. Parte de la premisa de que los n\u00fameros tienen un significado simb\u00f3lico profundo en nuestra vida. Cada n\u00famero posee una energ\u00eda y un mensaje propios que pueden influir en nuestra personalidad, fortalezas y desaf\u00edos.<\/p><p>\u00bfSientes que ciertos a\u00f1os son m\u00e1s agotadores o m\u00e1s faciles que otros? Con la asesor\u00eda numerol\u00f3gica puedo ayudarte a comprender mejor la energ\u00eda y las tareas del a\u00f1o de vida actual, pasado o pr\u00f3ximo. As\u00ed aprender\u00e1s a conocerte mejor, descubrir\u00e1s talentos ocultos y tareas de vida, obtendr\u00e1s percepciones personales y podr\u00e1s tomar decisiones con mayor claridad.<\/p><p>Las asesor\u00edas numerol\u00f3gicas no se basan en la Psicolog\u00eda Individual, sino que pertenecen al \u00e1mbito de las asesor\u00edas espirituales.<\/p>  \n            \t<\/div>\n        \t        <\/div>\n        \t\t\t\t<\/div>\n\t\t\t\t<\/div>\n\t\t\t\t\t<\/div>\n\t\t<\/div>\n\t\t\t\t<div class=\"elementor-column elementor-col-50 elementor-top-column elementor-element elementor-element-648a100\" data-id=\"648a100\" data-element_type=\"column\">\n\t\t\t<div class=\"elementor-widget-wrap elementor-element-populated\">\n\t\t\t\t\t\t<div class=\"elementor-element elementor-element-27ff513 elementor-widget elementor-widget-image\" data-id=\"27ff513\" data-element_type=\"widget\" data-widget_type=\"image.default\">\n\t\t\t\t<div class=\"elementor-widget-container\">\n\t\t\t\t\t\t\t\t\t\t\t\t\t\t\t<img fetchpriority=\"high\" decoding=\"async\" width=\"640\" height=\"427\" src=\"https:\/\/perspektiva-beratung.ch\/wp-content\/uploads\/2025\/02\/Numerologie-1.jpeg\" class=\"attachment-large size-large wp-image-17220\" alt=\"\" srcset=\"https:\/\/perspektiva-beratung.ch\/wp-content\/uploads\/2025\/02\/Numerologie-1.jpeg 640w, https:\/\/perspektiva-beratung.ch\/wp-content\/uploads\/2025\/02\/Numerologie-1-300x200.jpeg 300w\" sizes=\"(max-width: 640px) 100vw, 640px\" \/>\t\t\t\t\t\t\t\t\t\t\t\t\t\t\t<\/div>\n\t\t\t\t<\/div>\n\t\t\t\t\t<\/div>\n\t\t<\/div>\n\t\t\t\t\t<\/div>\n\t\t<\/section>\n\t\t\t\t<\/div>\n\t\t","protected":false},"excerpt":{"rendered":"<p>\u00bfQu\u00e9 es el asesoramiento psicosocial? El asesoramiento psicosocial est\u00e1 dirigido a personas mentalmente sanas de todas las edades. Te apoya en situaciones de vida dif\u00edciles y te ayuda cuando el estr\u00e9s, la ansiedad, los problemas o los conflictos cargan la vida cotidiana. Tiene en cuenta los aspectos ps\u00edquicos y sociales de tu vida. En el&#8230;<\/p>\n","protected":false},"author":1,"featured_media":0,"parent":0,"menu_order":0,"comment_status":"closed","ping_status":"closed","template":"","meta":{"footnotes":""},"class_list":["post-16875","page","type-page","status-publish","hentry"],"yoast_head":"<!-- This site is optimized with the Yoast SEO plugin v24.6 - https:\/\/yoast.com\/wordpress\/plugins\/seo\/ -->\n<title>Informaci\u00f3n - Perspektiva Beratung<\/title>\n<meta name=\"description\" content=\"Perspektiva Consulting ofrece coaching y asesoramiento individual para tu desarrollo personal y profesional en Suiza.\" \/>\n<meta name=\"robots\" content=\"index, follow, max-snippet:-1, max-image-preview:large, max-video-preview:-1\" \/>\n<link rel=\"canonical\" href=\"https:\/\/perspektiva-beratung.ch\/es\/informacion\/\" \/>\n<meta property=\"og:locale\" content=\"es_ES\" \/>\n<meta property=\"og:type\" content=\"article\" \/>\n<meta property=\"og:title\" content=\"Informaci\u00f3n - Perspektiva Beratung\" \/>\n<meta property=\"og:description\" content=\"Perspektiva Consulting ofrece coaching y asesoramiento individual para tu desarrollo personal y profesional en Suiza.\" \/>\n<meta property=\"og:url\" content=\"https:\/\/perspektiva-beratung.ch\/es\/informacion\/\" \/>\n<meta property=\"og:site_name\" content=\"Perspektiva Beratung\" \/>\n<meta property=\"article:modified_time\" content=\"2025-10-25T05:20:22+00:00\" \/>\n<meta property=\"og:image\" content=\"https:\/\/perspektiva-beratung.ch\/wp-content\/uploads\/elementor\/thumbs\/Beratungszimmer-Seite-2-1-r24eaht7p6ssityooktkp4aqpif2ro7lq8hd2d0zuw.jpg\" \/>\n<meta name=\"twitter:card\" content=\"summary_large_image\" \/>\n<meta name=\"twitter:label1\" content=\"Tiempo de lectura\" \/>\n\t<meta name=\"twitter:data1\" content=\"4 minutos\" \/>\n<script type=\"application\/ld+json\" class=\"yoast-schema-graph\">{\"@context\":\"https:\/\/schema.org\",\"@graph\":[{\"@type\":\"WebPage\",\"@id\":\"https:\/\/perspektiva-beratung.ch\/es\/informacion\/\",\"url\":\"https:\/\/perspektiva-beratung.ch\/es\/informacion\/\",\"name\":\"Informaci\u00f3n - Perspektiva Beratung\",\"isPartOf\":{\"@id\":\"https:\/\/perspektiva-beratung.ch\/es\/#website\"},\"primaryImageOfPage\":{\"@id\":\"https:\/\/perspektiva-beratung.ch\/es\/informacion\/#primaryimage\"},\"image\":{\"@id\":\"https:\/\/perspektiva-beratung.ch\/es\/informacion\/#primaryimage\"},\"thumbnailUrl\":\"https:\/\/perspektiva-beratung.ch\/wp-content\/uploads\/elementor\/thumbs\/Beratungszimmer-Seite-2-1-r24eaht7p6ssityooktkp4aqpif2ro7lq8hd2d0zuw.jpg\",\"datePublished\":\"2024-11-15T07:47:40+00:00\",\"dateModified\":\"2025-10-25T05:20:22+00:00\",\"description\":\"Perspektiva Consulting ofrece coaching y asesoramiento individual para tu desarrollo personal y profesional en Suiza.\",\"breadcrumb\":{\"@id\":\"https:\/\/perspektiva-beratung.ch\/es\/informacion\/#breadcrumb\"},\"inLanguage\":\"es\",\"potentialAction\":[{\"@type\":\"ReadAction\",\"target\":[\"https:\/\/perspektiva-beratung.ch\/es\/informacion\/\"]}]},{\"@type\":\"ImageObject\",\"inLanguage\":\"es\",\"@id\":\"https:\/\/perspektiva-beratung.ch\/es\/informacion\/#primaryimage\",\"url\":\"https:\/\/perspektiva-beratung.ch\/wp-content\/uploads\/elementor\/thumbs\/Beratungszimmer-Seite-2-1-r24eaht7p6ssityooktkp4aqpif2ro7lq8hd2d0zuw.jpg\",\"contentUrl\":\"https:\/\/perspektiva-beratung.ch\/wp-content\/uploads\/elementor\/thumbs\/Beratungszimmer-Seite-2-1-r24eaht7p6ssityooktkp4aqpif2ro7lq8hd2d0zuw.jpg\"},{\"@type\":\"BreadcrumbList\",\"@id\":\"https:\/\/perspektiva-beratung.ch\/es\/informacion\/#breadcrumb\",\"itemListElement\":[{\"@type\":\"ListItem\",\"position\":1,\"name\":\"Startseite\",\"item\":\"https:\/\/perspektiva-beratung.ch\/es\/\"},{\"@type\":\"ListItem\",\"position\":2,\"name\":\"Informaci\u00f3n\"}]},{\"@type\":\"WebSite\",\"@id\":\"https:\/\/perspektiva-beratung.ch\/es\/#website\",\"url\":\"https:\/\/perspektiva-beratung.ch\/es\/\",\"name\":\"Perspektiva Beratung\",\"description\":\"\",\"potentialAction\":[{\"@type\":\"SearchAction\",\"target\":{\"@type\":\"EntryPoint\",\"urlTemplate\":\"https:\/\/perspektiva-beratung.ch\/es\/?s={search_term_string}\"},\"query-input\":{\"@type\":\"PropertyValueSpecification\",\"valueRequired\":true,\"valueName\":\"search_term_string\"}}],\"inLanguage\":\"es\"}]}<\/script>\n<!-- \/ Yoast SEO plugin. -->","yoast_head_json":{"title":"Informaci\u00f3n - Perspektiva Beratung","description":"Perspektiva Consulting ofrece coaching y asesoramiento individual para tu desarrollo personal y profesional en Suiza.","robots":{"index":"index","follow":"follow","max-snippet":"max-snippet:-1","max-image-preview":"max-image-preview:large","max-video-preview":"max-video-preview:-1"},"canonical":"https:\/\/perspektiva-beratung.ch\/es\/informacion\/","og_locale":"es_ES","og_type":"article","og_title":"Informaci\u00f3n - Perspektiva Beratung","og_description":"Perspektiva Consulting ofrece coaching y asesoramiento individual para tu desarrollo personal y profesional en Suiza.","og_url":"https:\/\/perspektiva-beratung.ch\/es\/informacion\/","og_site_name":"Perspektiva Beratung","article_modified_time":"2025-10-25T05:20:22+00:00","og_image":[{"url":"https:\/\/perspektiva-beratung.ch\/wp-content\/uploads\/elementor\/thumbs\/Beratungszimmer-Seite-2-1-r24eaht7p6ssityooktkp4aqpif2ro7lq8hd2d0zuw.jpg","type":"","width":"","height":""}],"twitter_card":"summary_large_image","twitter_misc":{"Tiempo de lectura":"4 minutos"},"schema":{"@context":"https:\/\/schema.org","@graph":[{"@type":"WebPage","@id":"https:\/\/perspektiva-beratung.ch\/es\/informacion\/","url":"https:\/\/perspektiva-beratung.ch\/es\/informacion\/","name":"Informaci\u00f3n - Perspektiva Beratung","isPartOf":{"@id":"https:\/\/perspektiva-beratung.ch\/es\/#website"},"primaryImageOfPage":{"@id":"https:\/\/perspektiva-beratung.ch\/es\/informacion\/#primaryimage"},"image":{"@id":"https:\/\/perspektiva-beratung.ch\/es\/informacion\/#primaryimage"},"thumbnailUrl":"https:\/\/perspektiva-beratung.ch\/wp-content\/uploads\/elementor\/thumbs\/Beratungszimmer-Seite-2-1-r24eaht7p6ssityooktkp4aqpif2ro7lq8hd2d0zuw.jpg","datePublished":"2024-11-15T07:47:40+00:00","dateModified":"2025-10-25T05:20:22+00:00","description":"Perspektiva Consulting ofrece coaching y asesoramiento individual para tu desarrollo personal y profesional en Suiza.","breadcrumb":{"@id":"https:\/\/perspektiva-beratung.ch\/es\/informacion\/#breadcrumb"},"inLanguage":"es","potentialAction":[{"@type":"ReadAction","target":["https:\/\/perspektiva-beratung.ch\/es\/informacion\/"]}]},{"@type":"ImageObject","inLanguage":"es","@id":"https:\/\/perspektiva-beratung.ch\/es\/informacion\/#primaryimage","url":"https:\/\/perspektiva-beratung.ch\/wp-content\/uploads\/elementor\/thumbs\/Beratungszimmer-Seite-2-1-r24eaht7p6ssityooktkp4aqpif2ro7lq8hd2d0zuw.jpg","contentUrl":"https:\/\/perspektiva-beratung.ch\/wp-content\/uploads\/elementor\/thumbs\/Beratungszimmer-Seite-2-1-r24eaht7p6ssityooktkp4aqpif2ro7lq8hd2d0zuw.jpg"},{"@type":"BreadcrumbList","@id":"https:\/\/perspektiva-beratung.ch\/es\/informacion\/#breadcrumb","itemListElement":[{"@type":"ListItem","position":1,"name":"Startseite","item":"https:\/\/perspektiva-beratung.ch\/es\/"},{"@type":"ListItem","position":2,"name":"Informaci\u00f3n"}]},{"@type":"WebSite","@id":"https:\/\/perspektiva-beratung.ch\/es\/#website","url":"https:\/\/perspektiva-beratung.ch\/es\/","name":"Perspektiva Beratung","description":"","potentialAction":[{"@type":"SearchAction","target":{"@type":"EntryPoint","urlTemplate":"https:\/\/perspektiva-beratung.ch\/es\/?s={search_term_string}"},"query-input":{"@type":"PropertyValueSpecification","valueRequired":true,"valueName":"search_term_string"}}],"inLanguage":"es"}]}},"_links":{"self":[{"href":"https:\/\/perspektiva-beratung.ch\/es\/wp-json\/wp\/v2\/pages\/16875","targetHints":{"allow":["GET"]}}],"collection":[{"href":"https:\/\/perspektiva-beratung.ch\/es\/wp-json\/wp\/v2\/pages"}],"about":[{"href":"https:\/\/perspektiva-beratung.ch\/es\/wp-json\/wp\/v2\/types\/page"}],"author":[{"embeddable":true,"href":"https:\/\/perspektiva-beratung.ch\/es\/wp-json\/wp\/v2\/users\/1"}],"replies":[{"embeddable":true,"href":"https:\/\/perspektiva-beratung.ch\/es\/wp-json\/wp\/v2\/comments?post=16875"}],"version-history":[{"count":55,"href":"https:\/\/perspektiva-beratung.ch\/es\/wp-json\/wp\/v2\/pages\/16875\/revisions"}],"predecessor-version":[{"id":17796,"href":"https:\/\/perspektiva-beratung.ch\/es\/wp-json\/wp\/v2\/pages\/16875\/revisions\/17796"}],"wp:attachment":[{"href":"https:\/\/perspektiva-beratung.ch\/es\/wp-json\/wp\/v2\/media?parent=16875"}],"curies":[{"name":"wp","href":"https:\/\/api.w.org\/{rel}","templated":true}]}}